{"id":697,"date":"2023-07-30T09:50:49","date_gmt":"2023-07-30T09:50:49","guid":{"rendered":"http:\/\/localhost:8888\/MyWebPage\/?page_id=436"},"modified":"2023-10-20T21:12:09","modified_gmt":"2023-10-20T21:12:09","slug":"science-outreach-2","status":"publish","type":"page","link":"https:\/\/people-lux.obspm.fr\/corasaniti\/?page_id=697","title":{"rendered":"Science Outreach"},"content":{"rendered":"\n<h2 class=\"wp-block-heading has-black-color has-text-color\">Articles &amp; Press Releases<\/h2>\n\n\n\n<ul class=\"wp-block-list\">\n<li>\u201c<em><a href=\"https:\/\/www.media.inaf.it\/2021\/03\/09\/tracce-cosmiche-sparse-negli-ammassi-di-galassie\/\">Tracce cosmiche sparse negli ammassi di galassie<\/a><\/em>\u201d, Media INAF, 9 Marzo 2021<\/li>\n\n\n\n<li>\u201c<em><a href=\"https:\/\/www.observatoiredeparis.psl.eu\/parametres-cosmologiques.html\">Param\u00e8tres cosmologiques d\u00e9riv\u00e9s de la densit\u00e9 des amas de galaxies<\/a><\/em>\u201d, Nouvelles Observatoire de Paris, 8 Mars 2021<\/li>\n\n\n\n<li>\u201c<em><a href=\"https:\/\/horizon-magazine.eu\/article\/dark-matter-clusters-could-reveal-nature-dark-energy.html\">Dark matter clusters could reveal nature of dark energy<\/a><\/em>\u201d, ERC Horizon Magazine, 10 September 2018<\/li>\n\n\n\n<li>\u201c<em><a href=\"https:\/\/www.observatoiredeparis.psl.eu\/une-nouvelle-regle.html\">Une Nouvelle R\u00e8gle Cosmologique Pour Sonder l\u2019Energie Noire<\/a><\/em>\u201d, Nouvelles Observatoire de Paris, 2 Juillet 2018<\/li>\n<\/ul>\n\n\n\n<h2 class=\"wp-block-heading has-black-color has-text-color\">Talks &amp; Conferences <\/h2>\n\n\n\n<ul class=\"wp-block-list\">\n<li>&#8220;<a href=\"https:\/\/www.youtube.com\/watch?v=aJj5IWDt2Nc\" data-type=\"link\" data-id=\"https:\/\/www.youtube.com\/watch?v=aJj5IWDt2Nc\">Les traces de l&#8217;Energie Noire dans la structure \u00e0 grande \u00e9chelle de l&#8217;Univers<\/a>&#8220;, presentation grand public en fran\u00e7ais \u00e0 donn\u00e9e \u00e0 l&#8217;Acad\u00e9mie des Sciences le 11 Octobre 2016<\/li>\n<\/ul>\n","protected":false},"excerpt":{"rendered":"<p>Articles &amp; Press Releases Talks &amp; Conferences<\/p>\n","protected":false},"author":1,"featured_media":0,"parent":0,"menu_order":0,"comment_status":"closed","ping_status":"closed","template":"","meta":{"footnotes":""},"class_list":["post-697","page","type-page","status-publish","hentry"],"_links":{"self":[{"href":"https:\/\/people-lux.obspm.fr\/corasaniti\/index.php?rest_route=\/wp\/v2\/pages\/697","targetHints":{"allow":["GET"]}}],"collection":[{"href":"https:\/\/people-lux.obspm.fr\/corasaniti\/index.php?rest_route=\/wp\/v2\/pages"}],"about":[{"href":"https:\/\/people-lux.obspm.fr\/corasaniti\/index.php?rest_route=\/wp\/v2\/types\/page"}],"author":[{"embeddable":true,"href":"https:\/\/people-lux.obspm.fr\/corasaniti\/index.php?rest_route=\/wp\/v2\/users\/1"}],"replies":[{"embeddable":true,"href":"https:\/\/people-lux.obspm.fr\/corasaniti\/index.php?rest_route=%2Fwp%2Fv2%2Fcomments&post=697"}],"version-history":[{"count":1,"href":"https:\/\/people-lux.obspm.fr\/corasaniti\/index.php?rest_route=\/wp\/v2\/pages\/697\/revisions"}],"predecessor-version":[{"id":785,"href":"https:\/\/people-lux.obspm.fr\/corasaniti\/index.php?rest_route=\/wp\/v2\/pages\/697\/revisions\/785"}],"wp:attachment":[{"href":"https:\/\/people-lux.obspm.fr\/corasaniti\/index.php?rest_route=%2Fwp%2Fv2%2Fmedia&parent=697"}],"curies":[{"name":"wp","href":"https:\/\/api.w.org\/{rel}","templated":true}]}}